
{"id":1505,"date":"2017-04-18T19:43:26","date_gmt":"2017-04-18T16:43:26","guid":{"rendered":"http:\/\/zacharioudakis.com\/?page_id=1505"},"modified":"2025-11-26T09:11:59","modified_gmt":"2025-11-26T06:11:59","slug":"home","status":"publish","type":"page","link":"https:\/\/www.zacharioudakis.com\/el\/","title":{"rendered":"\u0391\u03c1\u03c7\u03b9\u03ba\u03ae"},"content":{"rendered":"<div id=\"link\" class=\"full\">\n<div class=\"line-bott padd mobi\"><\/div>\n<div class=\"bg\"><\/div>\n<div class=\"sub-container\">\n<div class=\"top-decor resize\">\n<div class=\"center\">\n<p>\u039a\u03a1\u0397\u03a4\u0399\u039a\u0391 \u039a\u03a1\u0391\u03a3\u0399\u0391 \u039a\u039f\u03a1\u03a5\u03a6\u0391\u0399\u0391\u03a3 \u03a0\u039f\u0399\u039f\u03a4\u0397\u03a4\u0391\u03a3<\/p>\n<\/div>\n<hr \/>\n<\/div>\n<h1 class=\"h-mobi\">\u03c3\u03b5 \u03b5\u03bd\u03b1<\/h1>\n<h2 class=\"h-mobi\">\u03c0\u03bf\u03c4\u03b7\u03c1\u03b9 \u03ba\u03c1\u03b1\u03c3\u03b9<\/h2>\n<h3 class=\"h-mobi\">\u03c3\u03b5 \u03b5\u03bd\u03b1 \u03c0\u03bf\u03c4\u03b7\u03c1\u03b9 \u03ba\u03c1\u03b1\u03c3\u03b9<\/h3>\n<p class=\"wd one\">\u03a3\u03c4\u03b9\u03c2 \u03bc\u03ad\u03c1\u03b5\u03c2 \u03bc\u03b1\u03c2 \u03c0\u03bf\u03c5 \u03c4\u03bf \u03b1\u03bc\u03c0\u03ad\u03bb\u03b9 \u03ba\u03b1\u03bb\u03bb\u03b9\u03b5\u03c1\u03b3\u03b5\u03af\u03c4\u03b1\u03b9 \u03c3\u03c7\u03b5\u03b4\u03cc\u03bd \u03c3\u03b5 \u03cc\u03bb\u03bf \u03c4\u03bf\u03bd \u03ba\u03cc\u03c3\u03bc\u03bf \u03ba\u03b1\u03b9 \u03c4\u03b1 \u03ba\u03c1\u03b1\u03c3\u03b9\u03ac \u03c3\u03b5 \u03c0\u03bf\u03bb\u03bb\u03ad\u03c2 \u03c0\u03b5\u03c1\u03b9\u03c0\u03c4\u03ce\u03c3\u03b5\u03b9\u03c2 \u03c0\u03b1\u03c1\u03ac\u03b3\u03bf\u03bd\u03c4\u03b1\u03b9 \u03bc\u03b5 \u03b2\u03b9\u03bf\u03bc\u03b7\u03c7\u03b1\u03bd\u03b9\u03ba\u03ae \u03b1\u03bd\u03c4\u03af\u03bb\u03b7\u03c8\u03b7, \u03c4\u03bf \u03b5\u03c1\u03ce\u03c4\u03b7\u03bc\u03b1 \u03c0\u03bf\u03c5 \u03c4\u03af\u03b8\u03b5\u03c4\u03b1\u03b9 \u03b5\u03af\u03bd\u03b1\u03b9 \u03c4\u03b9 \u03b8\u03ad\u03bb\u03b5\u03b9 \u03bd\u03b1 \u03c7\u03c9\u03c1\u03ad\u03c3\u03b5\u03b9 \u03c3\u03b5 \u03ad\u03bd\u03b1 \u03c0\u03bf\u03c4\u03ae\u03c1\u03b9 \u03ba\u03c1\u03b1\u03c3\u03af \u03bf \u03c0\u03b1\u03c1\u03b1\u03b3\u03c9\u03b3\u03cc\u03c2 \u03c4\u03bf\u03c5 \u03ba\u03b1\u03b9 \u03c4\u03b9 \u03b1\u03bd\u03b1\u03b6\u03b7\u03c4\u03ac \u03ba\u03b1\u03b9 \u03b8\u03ad\u03bb\u03b5\u03b9 \u03bd\u03b1 \u03b1\u03c0\u03bf\u03bb\u03b1\u03cd\u03c3\u03b5\u03b9 \u03b1\u03c5\u03c4\u03cc\u03c2 \u03c0\u03bf\u03c5 \u03c4\u03bf \u03c0\u03af\u03bd\u03b5\u03b9.<\/p>\n<p class=\"wd\">\u0395\u03bc\u03b5\u03af\u03c2 \u03c3\u03c4\u03b7\u03bd \u03bf\u03b9\u03ba\u03bf\u03b3\u03ad\u03bd\u03b5\u03b9\u03b1 \u0396\u03b1\u03c7\u03b1\u03c1\u03b9\u03bf\u03c5\u03b4\u03ac\u03ba\u03b7 \u03b8\u03ad\u03bb\u03bf\u03c5\u03bc\u03b5 \u03c3\u03b5 \u03ad\u03bd\u03b1 \u03c0\u03bf\u03c4\u03ae\u03c1\u03b9 \u03ba\u03c1\u03b1\u03c3\u03af \u03bd\u03b1 \u03b1\u03bd\u03b1\u03b3\u03bd\u03c9\u03c1\u03af\u03b6\u03b5\u03c4\u03b5 \u03c4\u03bf \u03c0\u03ac\u03b8\u03bf\u03c2 \u03ba\u03b1\u03b9 \u03c4\u03bf \u03bc\u03b5\u03c1\u03ac\u03ba\u03b9 \u03bc\u03b1\u03c2 \u03b3\u03b9 \u03b1\u03c5\u03c4\u03cc \u03c4\u03bf \u03c0\u03c1\u03bf\u03ca\u03cc\u03bd, \u03bd\u03b1 \u03b1\u03b9\u03c3\u03b8\u03b1\u03bd\u03b8\u03b5\u03af\u03c4\u03b5 \u03c4\u03b7\u03bd \u03b5\u03bd\u03ad\u03c1\u03b3\u03b5\u03b9\u03b1 \u03ba\u03b1\u03b9 \u03c4\u03b1 \u03b1\u03c1\u03ce\u03bc\u03b1\u03c4\u03b1 \u03c4\u03b7\u03c2 \u03c6\u03cd\u03c3\u03b7\u03c2 \u03c4\u03b7\u03c2 \u039a\u03c1\u03ae\u03c4\u03b7\u03c2 \u03ba\u03b1\u03b9 \u03bd\u03b1 \u03b3\u03b5\u03c5\u03c4\u03b5\u03af\u03c4\u03b5 \u03b1\u03c5\u03c4\u03ae \u03c4\u03b7\u03bd \u03c0\u03b1\u03bd\u03ac\u03c1\u03c7\u03b1\u03b9\u03b1 \u03c3\u03c7\u03ad\u03c3\u03b7 \u03c4\u03bf\u03c5 \u03c4\u03cc\u03c0\u03bf\u03c5 \u03bc\u03b1\u03c2 \u03bc\u03b5 \u03c4\u03bf \u03ba\u03c1\u03b1\u03c3\u03af \u03c4\u03bf \u03b4\u03ce\u03c1\u03bf \u03c4\u03c9\u03bd \u03b8\u03b5\u03ce\u03bd \u03c3\u03c4\u03bf\u03c5\u03c2 \u03b1\u03bd\u03b8\u03c1\u03ce\u03c0\u03bf\u03c5\u03c2.<\/p>\n<\/div>\n<div class=\"line-bott\"><\/div>\n<\/div>\n<div class=\"full height\">\n<div class=\"video-container normal-vid\"><iframe loading=\"lazy\"  id=\"_ytid_98254\"  width=\"480\" height=\"270\"  data-origwidth=\"480\" data-origheight=\"270\" src=\"https:\/\/www.youtube.com\/embed\/xpfjoUqgQQ0?enablejsapi=1&autoplay=0&cc_load_policy=0&cc_lang_pref=&iv_load_policy=1&loop=0&rel=0&fs=1&playsinline=0&autohide=2&hl=el&theme=dark&color=red&controls=1&disablekb=0&\" class=\"__youtube_prefs__  no-lazyload\" title=\"\u039a\u03c4\u03ae\u03bc\u03b1 \u0396\u03b1\u03c7\u03b1\u03c1\u03b9\u03bf\u03c5\u03b4\u03ac\u03ba\u03b7\"  allow=\"fullscreen; accelerometer; autoplay; clipboard-write; encrypted-media; gyroscope; picture-in-picture; web-share\" referrerpolicy=\"strict-origin-when-cross-origin\" allowfullscreen data-no-lazy=\"1\" data-skipgform_ajax_framebjll=\"\"><\/iframe><\/div>\n<div class=\"video-container mobile-vid\"><iframe loading=\"lazy\"  id=\"_ytid_66461\"  width=\"480\" height=\"270\"  data-origwidth=\"480\" data-origheight=\"270\" src=\"https:\/\/www.youtube.com\/embed\/xpfjoUqgQQ0?enablejsapi=1&autoplay=0&cc_load_policy=0&cc_lang_pref=&iv_load_policy=1&loop=0&rel=0&fs=1&playsinline=0&autohide=2&hl=el&theme=dark&color=red&controls=1&disablekb=0&\" class=\"__youtube_prefs__  no-lazyload\" title=\"\u039a\u03c4\u03ae\u03bc\u03b1 \u0396\u03b1\u03c7\u03b1\u03c1\u03b9\u03bf\u03c5\u03b4\u03ac\u03ba\u03b7\"  allow=\"fullscreen; accelerometer; autoplay; clipboard-write; encrypted-media; gyroscope; picture-in-picture; web-share\" referrerpolicy=\"strict-origin-when-cross-origin\" allowfullscreen data-no-lazy=\"1\" data-skipgform_ajax_framebjll=\"\"><\/iframe><\/div>\n<div class=\"myth\">\n<h3>\u03a0\u0399\u03a3\u03a9 \u0391\u03a0\u039f<\/h3>\n<h4>\u03a4\u039f\u039d \u039c\u03a5\u0398\u039f<\/h4>\n<p>T\u03bf \u039a\u03c4\u03ae\u03bc\u03b1 \u0396\u03b1\u03c7\u03b1\u03c1\u03b9\u03bf\u03c5\u03b4\u03ac\u03ba\u03b7 \u03b2\u03c1\u03af\u03c3\u03ba\u03b5\u03c4\u03b1\u03b9 \u03c3\u03c4\u03b7\u03bd \u03ba\u03bf\u03c1\u03c5\u03c6\u03ae \u03c4\u03bf\u03c5 \u03bb\u03cc\u03c6\u03bf\u03c5 &#8220;\u039f\u03c1\u03b8\u03ae \u03a0\u03ad\u03c4\u03c1\u03b1&#8221; \u03c3\u03b5 \u03c5\u03c8\u03cc\u03bc\u03b5\u03c4\u03c1\u03bf 500 \u03bc., \u03b2\u03cc\u03c1\u03b5\u03b9\u03b1 \u03c4\u03bf\u03c5 \u03b1\u03c1\u03c7\u03b1\u03b9\u03bf\u03bb\u03bf\u03b3\u03b9\u03ba\u03bf\u03cd \u03c7\u03ce\u03c1\u03bf\u03c5 \u03c4\u03b7\u03c2 \u0393\u03cc\u03c1\u03c4\u03c5\u03bd\u03b1\u03c2, \u03c3\u03c4\u03bf\u03bd \u03bf\u03b9\u03ba\u03b9\u03c3\u03bc\u03cc \u03a0\u03bb\u03bf\u03c5\u03c4\u03ae.<\/p>\n<p class=\"center\"><a href=\"http:\/\/zacharioudakis.com\/?page_id=1042\">\u03a0\u0395\u03a1\u0399\u03a3\u03a3\u039f\u03a4\u0395\u03a1\u0391<\/a><\/p>\n<\/div>\n<\/div>\n<div class=\"line-bott padd mobi-dark\"><\/div>\n<div class=\"sub-container wd\">\n<div class=\"top-decor awards el first\">\n<div class=\"center awards\">\n<p class=\"left\">\u0392\u03a1\u0391\u0392\u0395\u03a5\u039c\u0395\u039d\u0391 \u039a\u03a1\u0391\u03a3\u0399\u0391<\/p>\n<p class=\"right\">\u0391\u03a0\u039f \u03a4\u0397\u039d \u03a3\u03a5\u039b\u039b\u039f\u0393\u0397 \u039c\u0391\u03a3<\/p>\n<\/div>\n<hr class=\"awards\" \/>\n<\/div>\n<div class=\"wine-mob\"><\/div>\n<div class=\"patt\"><\/div>\n<p><div id=\"home_portfolio_17762852971198458964\" class=\"portfolio2_wrapper\"><ul class=\"slides\"><li><div class=\"one_fourth css_shadow\"><div class=\"portfolio200_shadow\"><a href=\"https:\/\/www.zacharioudakis.com\/el\/wines\/vidiano\/\"><img decoding=\"async\" src=\"https:\/\/www.zacharioudakis.com\/wp-content\/uploads\/vidiano.jpg\" alt=\"\" class=\"portfolio_img\"\/><div class=\"portfolio200_overlay\"><div class=\"overlay_icon_circle\"><img decoding=\"async\" src=\"https:\/\/www.zacharioudakis.com\/wp-content\/themes\/xworks\/images\/icon_link.png\" alt=\"\" class=\"\"\/><\/div><\/div><\/a><div class=\"portfolio_desc portfolio_desc_200\"><h6 class=\"portfolio_header\">\u039a\u03c4\u03b7\u03bc\u03b1 \u0396\u03b1\u03c7\u03b1\u03c1\u03b9\u03bf\u03c5\u03b4\u03b1\u03ba\u03b7<\/h6><h2>\u0392\u03b9\u03b4\u03b9\u03b1\u03bd\u03bf <\/h2><\/div><\/div><\/div><div class=\"one_fourth css_shadow\"><\/div><div class=\"one_fourth css_shadow\"><div class=\"portfolio200_shadow\"><a href=\"https:\/\/www.zacharioudakis.com\/el\/wines\/kodix-red\/\"><img decoding=\"async\" src=\"https:\/\/www.zacharioudakis.com\/wp-content\/uploads\/codex-red-1.jpg\" alt=\"\" class=\"portfolio_img\"\/><div class=\"portfolio200_overlay\"><div class=\"overlay_icon_circle\"><img decoding=\"async\" src=\"https:\/\/www.zacharioudakis.com\/wp-content\/themes\/xworks\/images\/icon_link.png\" alt=\"\" class=\"\"\/><\/div><\/div><\/a><div class=\"portfolio_desc portfolio_desc_200\"><h6 class=\"portfolio_header\">\u039a\u03a9\u0394\u0399\u039e<\/h6><h2>\u0395\u03c1\u03c5\u03b8\u03c1\u03bf\u03c2 <\/h2><\/div><\/div><\/div><div class=\"one_fourth last css_shadow\"><div class=\"portfolio200_shadow\"><a href=\"https:\/\/www.zacharioudakis.com\/el\/wines\/roze\/\"><img decoding=\"async\" src=\"https:\/\/www.zacharioudakis.com\/wp-content\/uploads\/zacharioudakis_rose.png\" alt=\"\" class=\"portfolio_img\"\/><div class=\"portfolio200_overlay\"><div class=\"overlay_icon_circle\"><img decoding=\"async\" src=\"https:\/\/www.zacharioudakis.com\/wp-content\/themes\/xworks\/images\/icon_link.png\" alt=\"\" class=\"\"\/><\/div><\/div><\/a><div class=\"portfolio_desc portfolio_desc_200\"><h6 class=\"portfolio_header\">Victoria<\/h6><h2>\u03a1\u03bf\u03b6\u03b5 <\/h2><\/div><\/div><\/div><\/li><li><div class=\"one_fourth css_shadow\"><div class=\"portfolio200_shadow\"><a href=\"https:\/\/www.zacharioudakis.com\/el\/wines\/kotsifali\/\"><img decoding=\"async\" src=\"https:\/\/www.zacharioudakis.com\/wp-content\/uploads\/kotsifali-1.jpg\" alt=\"\" class=\"portfolio_img\"\/><div class=\"portfolio200_overlay\"><div class=\"overlay_icon_circle\"><img decoding=\"async\" src=\"https:\/\/www.zacharioudakis.com\/wp-content\/themes\/xworks\/images\/icon_link.png\" alt=\"\" class=\"\"\/><\/div><\/div><\/a><div class=\"portfolio_desc portfolio_desc_200\"><h6 class=\"portfolio_header\">\u039a\u03c4\u03b7\u03bc\u03b1 \u0396\u03b1\u03c7\u03b1\u03c1\u03b9\u03bf\u03c5\u03b4\u03b1\u03ba\u03b7<\/h6><h2>\u039a\u03bf\u03c4\u03c3\u03b9\u03c6\u03ac\u03bb\u03b9 <\/h2><\/div><\/div><\/div><div class=\"one_fourth css_shadow\"><\/div><div class=\"one_fourth css_shadow\"><\/div><div class=\"one_fourth last css_shadow\"><\/div><\/li><li><div class=\"one_fourth css_shadow\"><\/div><div class=\"one_fourth css_shadow\"><\/div><div class=\"one_fourth css_shadow\"><\/div><div class=\"one_fourth last css_shadow\"><\/div><\/li><li><div class=\"one_fourth css_shadow\"><\/div><div class=\"one_fourth css_shadow\"><\/div><div class=\"one_fourth css_shadow\"><\/div><div class=\"one_fourth last css_shadow\"><\/div><\/li><li><div class=\"one_fourth css_shadow\"><\/div><div class=\"one_fourth css_shadow\"><\/div><div class=\"one_fourth css_shadow\"><\/div><div class=\"one_fourth last css_shadow\"><\/div><\/li><li><div class=\"one_fourth css_shadow\"><\/div><div class=\"one_fourth css_shadow\"><div class=\"portfolio200_shadow\"><a href=\"https:\/\/www.zacharioudakis.com\/el\/wines\/cabernet-sauvignon-kotsifali\/\"><img decoding=\"async\" src=\"https:\/\/www.zacharioudakis.com\/wp-content\/uploads\/orthi-petra-red.jpg\" alt=\"\" class=\"portfolio_img\"\/><div class=\"portfolio200_overlay\"><div class=\"overlay_icon_circle\"><img decoding=\"async\" src=\"https:\/\/www.zacharioudakis.com\/wp-content\/themes\/xworks\/images\/icon_link.png\" alt=\"\" class=\"\"\/><\/div><\/div><\/a><div class=\"portfolio_desc portfolio_desc_200\"><h6 class=\"portfolio_header\">\u039f\u03a1\u0398\u0397 \u03a0\u0395\u03a4\u03a1\u0391<\/h6><h2>\u0395\u03a1\u03a5\u0398\u03a1\u039f\u03a3 <\/h2><\/div><\/div><\/div><div class=\"one_fourth css_shadow\"><\/div><div class=\"one_fourth last css_shadow\"><\/div><\/li><li><div class=\"one_fourth css_shadow\"><\/div><div class=\"one_fourth css_shadow\"><\/div><div class=\"one_fourth css_shadow\"><\/div><div class=\"one_fourth last css_shadow\"><\/div><\/li><li><div class=\"one_fourth css_shadow\"><\/div><div class=\"one_fourth css_shadow\"><\/div><\/ul><\/div><br \/>\n<a class=\"wine desk\" href=\"\/\/zacharioudakis.com\/el\/wines\/\">\u039c\u0391\u0398\u0395\u03a4\u0395 \u03a0\u0395\u03a1\u0399\u03a3\u03a3\u039f\u03a4\u0395\u03a1\u0391 \u0393\u0399\u0391 \u03a4\u0391 \u039a\u03a1\u0391\u03a3\u0399\u0391 \u039c\u0391\u03a3<\/a><br \/>\n<a class=\"wine mobi\" href=\"\/\/zacharioudakis.com\/el\/wines\/\">\u0394\u0395\u0399\u03a4\u0395 \u03a4\u0391 \u039a\u03a1\u0391\u03a3\u0399\u0391 \u039c\u0391\u03a3<\/a><\/p>\n<\/div>\n<div class=\"full testimonial-bg\">\n<div class=\"sub-container said\"><script>\njQuery(document).ready(function() {\n\tvar opt = {};\n\topt['source'] = 'content:9';opt['superids'] = '268,269,445';opt['visible'] = 1;opt['itemWidth'] = '';opt['itemHeight'] = '';opt['mobileVisible'] = 1;opt['mobileWidth'] = 480;opt['tabletVisible'] = 1;opt['tabletWidth'] = 768;opt['direction'] = 'left';opt['effect'] = 'slide';opt['easing'] = 'swing';opt['easingTime'] = 1000;opt['step'] = 1;opt['auto'] = 1;opt['pauseTime'] = 6000;opt['pauseOver'] = 1;opt['autoHeight'] = '';opt['slideGap'] = 4;opt['nextPrev'] = '';opt['paging'] = '';opt['circular'] = 1;opt['mouseWheel'] = '';opt['swipe'] = 1;opt['key'] = 'key';opt['superrandom'] = 1;opt['smallbut'] = '';opt['navpadding'] = '';opt['navstyle'] = '';opt['customclass'] = '';opt['autoscroll'] = '';opt['scrollspeed'] = '';\topt.onload = function($$) {\n\t\tvar tot = $$.find('>div').length\/3;\n\t\t$$.find('>div:lt('+(tot)+') a[rel^=\"prettyPhoto[grp1]\"]').attr('rel', 'prettyPhoto[x]');\n\t\t$$.find('>div:gt('+((tot*2)-1)+') a[rel^=\"prettyPhoto[grp1]\"]').attr('rel', 'prettyPhoto[y]');\n\t\tjQuery(\"a[rel^='prettyPhoto']\").prettyPhoto({\n\t\t\tanimation_speed:'fast',\n\t\t\tslideshow:5000,\n\t\t\thideflash: true,\n\t\t\tautoplay: false,\n                        gallery_markup: '',\n                        social_tools: ''\n\t\t\t});\n\t}\n        \n\tif(jQuery(\"#supercarousel861427\").find(\">div\").length==0) {\n\t\tjQuery(\"#supercrsl861427\").hide();\n\t\treturn;\n\t}\n\tjQuery(\"#supercarousel861427\").supercarousel(opt);\n});\n<\/script>\n<div id=\"supercrsl861427\" class=\"supercrsl\">\n<div class=\"supercarousel\" id=\"supercarousel861427\">\n<div>\n<blockquote><a href=\"http:\/\/zacharioudakis.com\/?page_id=739#10\"><p>En Cr\u00e8te, o\u00f9 la culture vinicole est ancr\u00e9e depuis 3000 ans, s\u2019\u00e9tend le plus ancien vignoble m\u00e9diterran\u00e9en et l\u2019\u00eele poss\u00e8de le plus traditionnel des vignobles europ\u00e9ens plant\u00e9 de vieux c\u00e9pages dont l\u2019origine se perd dans l\u2019Antiquit\u00e9.<\/p> <\/a><\/blockquote>\r\n<p class=\"author\">Dans son guide De Wijnkoopgids 2012 & 2013, Frank Van der Auwera d\u00e9crit  notre gamme de vins Kodix!<\/p><\/div>\n<div>\n<blockquote><a href=\"http:\/\/zacharioudakis.com\/?page_id=739#6\"><p>Ces pages oubli\u00e9es \u2026Vidiano, joli blanc cr\u00e9tois. La Cr\u00e8te abrite un des plus anciens vignobles de la M\u00e9diterran\u00e9e.  Longue de 250 km, l\u2019\u00eele grecque offre quelques c\u00e9pages sortis du fond des \u00e2ges, \u00e0 l\u2019image du blanc Vidiano\u2026<\/p> <\/a><\/blockquote>\r\n<p class=\"author\">Marc Vanhellemont In Vino Veritas f\u00e9vrier-mars 2011<\/p><\/div>\n<div>\n<blockquote><a href=\"http:\/\/zacharioudakis.com\/?page_id=739#2\"><p>Le vin grec, une formidable d\u00e9couverte. D\u00e9j\u00e0 \u00e0 prononcer ce n\u2019est pas \u00e9vident Zacharioudakis.  Retenez bien ce nom, \u00e7a vaut largement le d\u00e9placement.  J\u2019aime particuli\u00e8rement leur travail autour des vari\u00e9ties blanches autochtones, les vins sont fabuleux.  J\u2019aime aussi la Syrah Kotsifali (\u2026)<\/p> <\/a><\/blockquote>\r\n<p class=\"author\">Eric Boschman, L\u2019\u00e9t\u00e9 autrement-Suppl\u00e9ment gratuit-juillet 2011-Derni\u00e8re Heure 8.7.2011<\/p><\/div>\n<div>\n<blockquote><a href=\"http:\/\/zacharioudakis.com\/?page_id=739#7\"><p>J\u2019\u00e9tais agr\u00e9ablement surpris.  Ce qui m\u2019a frapp\u00e9 positivement c\u2019est qu\u2019au niveau d\u2019alcool tous les vins sont tr\u00e8s bien \u00e9quilibr\u00e9s.<\/p> <\/a><\/blockquote>\r\n<p class=\"author\">Willem Van den Broeck du restaurant \u201cCuistot\u201d<\/p><\/div>\n<div>\n<blockquote><a href=\"http:\/\/zacharioudakis.com\/?page_id=739#3\"><p>Vidiano 2009 Domaine Zacharioudakis - Vin de f\u00eate-\u2026\u00c7a, c\u2019est carr\u00e9ment l\u2019explosion aromatique, le truc surprenant. \r\nLe Vidiano est un c\u00e9page ultra limit\u00e9 dans sa diffusion, le genre de truc qui ne pousse qu\u2019en Cr\u00e8te, une v\u00e9ritable d\u00e9couverte pour mes papilles (\u2026)<\/p><\/a><\/blockquote>\r\n<p class=\"author\">Ma\u00eetre sommelier Eric Boschman Le Monde d\u2019Eric - Le Plaisir du Go\u00fbt<\/p><\/div>\n<div>\n<blockquote><a href=\"http:\/\/zacharioudakis.com\/?page_id=739#1\"><p>Un vin, un patelin\u2026.La Cr\u00e8te, ses rivages enchant\u00e9s, ses flots bleus que l\u2018on voit danser certains soirs d\u2019\u00e9t\u00e9\u2026..d\u00e9couvrir ces immensit\u00e9s presque d\u00e9sertes de l\u2019\u00eele, cette lumi\u00e8re exceptionnelle, et ces domaines viticoles o\u00f9 l\u2019on \u00e9labore des choses qui valent franchement de se pencher sur le cas grec (...)<\/p><\/a><\/blockquote>\r\n<p class=\"author\">Top sommelier Eric Boschman \u2013T\u00e9l\u00e9moustique 27 juillet 2011<\/p><\/div>\n<div>\n<blockquote><a href=\"http:\/\/zacharioudakis.com\/?page_id=739#4\"><p>Les vins Orthi Petra - Domaine Zacharioudakis sont vraiment des bombes atomiques\u2026 <\/p><\/a><\/blockquote>\r\n<p class=\"author\">Christophe PAULY, Chef - propri\u00e9taire & Dimitri WALHIN, Sommelier<\/p><\/div>\n<div>\n<blockquote><a href=\"http:\/\/zacharioudakis.com\/?page_id=739#9\"><p>\u0391\u03c0\u03cc \u03b4\u03b7\u03bc\u03bf\u03c3\u03b9\u03bf\u03b3\u03c1\u03ac\u03c6\u03bf\u03c2\u2026 \u03c0\u03b5\u03c4\u03c5\u03c7\u03b7\u03bc\u03ad\u03bd\u03bf\u03c2 \u03bf\u03b9\u03bd\u03bf\u03c0\u03b1\u03c1\u03b1\u03b3\u03c9\u03b3\u03cc\u03c2 \u039f \u03a3\u03c4\u03ad\u03bb\u03b9\u03bf\u03c2 \u0396\u03b1\u03c7\u03b1\u03c1\u03b9\u03bf\u03c5\u03b4\u03ac\u03ba\u03b7\u03c2 \u03b1\u03c8\u03b7\u03c6\u03ce\u03bd\u03c4\u03b1\u03c2 \u03c4\u03b7\u03bd \u03bf\u03b9\u03ba\u03bf\u03bd\u03bf\u03bc\u03b9\u03ba\u03ae \u03ba\u03c1\u03af\u03c3\u03b7, \u03c4\u03cc\u03bb\u03bc\u03b7\u03c3\u03b5 \u03c9\u03c2 \u03bf\u03b9\u03bd\u03bf\u03c0\u03b1\u03c1\u03b1\u03b3\u03c9\u03b3\u03cc\u03c2, \u03ba\u03ad\u03c1\u03b4\u03b9\u03c3\u03b5 \u03b4\u03b9\u03b5\u03b8\u03bd\u03b5\u03af\u03c2 \u03b4\u03b9\u03b1\u03ba\u03c1\u03af\u03c3\u03b5\u03b9\u03c2, \u03bc\u03b5 \u03b5\u03c0\u03cc\u03bc\u03b5\u03bd\u03bf \u03c3\u03c4\u03b1\u03b8\u03bc\u03cc \u03c4\u03bf\u03c5 \u03c4\u03b7 \u03b4\u03b9\u03b5\u03b8\u03bd\u03ae  \u03b1\u03b3\u03bf\u03c1\u03ac.<\/p> <\/a><\/blockquote>\r\n<p class=\"author\">\u0386\u03b3\u03b3\u03b5\u03bb\u03bf\u03c2 \u039c\u03cc\u03c3\u03c7\u03bf\u03b2\u03b1\u03c2, \u03b4\u03b7\u03bc\u03bf\u03c3\u03b9\u03bf\u03b3\u03c1\u03ac\u03c6\u03bf\u03c2 THE PAPER \u03c3\u03c5\u03bd\u03ad\u03bd\u03c4\u03b5\u03c5\u03be\u03b7 27\/3\/2013<\/p><\/div>\n<div>\n<blockquote><a href=\"http:\/\/zacharioudakis.com\/?page_id=739#8\"><p>\u201cTrouv\u00e9 chez un caviste \u2013 Vignoble insulaire \u2013 Cr\u00e8te. C\u00e9page cr\u00e9tois. .. \u00e0 l\u2019image, le blanc Vidiano\u2026\u201d<\/p> <\/a><\/blockquote>\r\n<p class=\"author\">Marc Vanhellemont Oeno-Sphere, p\u00e9riodique integr\u00e9 \u00e0 Medi-Sphere (f\u00e9vrier-mars 2011)<\/p><\/div>\n<div>\n<blockquote><a href=\"http:\/\/zacharioudakis.com\/?page_id=739#5\"><p>Notre d\u00e9couverte vinicole de cette semaine provient des collines cr\u00e9toises Le Zacharioudakis, difficile \u00e0 prononcer, je sais, mais quel vin\u2026Un assemblage de la vari\u00e9t\u00e9 autochtone Kotsifali avec la Syrah bien-aim\u00e9e\u2026puissant, \u00e9pic\u00e9 avec une finale \u00e9tonnante.  Venez le d\u00e9guster chez nous!<\/p><\/a><\/blockquote>\r\n<p class=\"author\">John Verbeeck du restaurant De Troubadour \u00e0 Berchem (Anvers) <\/p><\/div>\n<\/div><div class=\"clear\"><\/div>\n<div class=\"pagination\" id=\"pag861427\"><\/div>\n<\/div><\/div>\n<\/div>\n","protected":false},"excerpt":{"rendered":"<p>\u039a\u03a1\u0397\u03a4\u0399\u039a\u0391 \u039a\u03a1\u0391\u03a3\u0399\u0391 \u039a\u039f\u03a1\u03a5\u03a6\u0391\u0399\u0391\u03a3 \u03a0\u039f\u0399\u039f\u03a4\u0397\u03a4\u0391\u03a3 \u03c3\u03b5 \u03b5\u03bd\u03b1 \u03c0\u03bf\u03c4\u03b7\u03c1\u03b9 \u03ba\u03c1\u03b1\u03c3\u03b9 \u03c3\u03b5 \u03b5\u03bd\u03b1 \u03c0\u03bf\u03c4\u03b7\u03c1\u03b9 \u03ba\u03c1\u03b1\u03c3\u03b9 \u03a3\u03c4\u03b9\u03c2 \u03bc\u03ad\u03c1\u03b5\u03c2 \u03bc\u03b1\u03c2 \u03c0\u03bf\u03c5 \u03c4\u03bf \u03b1\u03bc\u03c0\u03ad\u03bb\u03b9 \u03ba\u03b1\u03bb\u03bb\u03b9\u03b5\u03c1\u03b3\u03b5\u03af\u03c4\u03b1\u03b9 \u03c3\u03c7\u03b5\u03b4\u03cc\u03bd \u03c3\u03b5 \u03cc\u03bb\u03bf \u03c4\u03bf\u03bd \u03ba\u03cc\u03c3\u03bc\u03bf \u03ba\u03b1\u03b9 \u03c4\u03b1 \u03ba\u03c1\u03b1\u03c3\u03b9\u03ac \u03c3\u03b5 \u03c0\u03bf\u03bb\u03bb\u03ad\u03c2 \u03c0\u03b5\u03c1\u03b9\u03c0\u03c4\u03ce\u03c3\u03b5\u03b9\u03c2 \u03c0\u03b1\u03c1\u03ac\u03b3\u03bf\u03bd\u03c4\u03b1\u03b9 \u03bc\u03b5 \u03b2\u03b9\u03bf\u03bc\u03b7\u03c7\u03b1\u03bd\u03b9\u03ba\u03ae \u03b1\u03bd\u03c4\u03af\u03bb\u03b7\u03c8\u03b7, \u03c4\u03bf \u03b5\u03c1\u03ce\u03c4\u03b7\u03bc\u03b1 \u03c0\u03bf\u03c5 \u03c4\u03af\u03b8\u03b5\u03c4\u03b1\u03b9 \u03b5\u03af\u03bd\u03b1\u03b9 \u03c4\u03b9 \u03b8\u03ad\u03bb\u03b5\u03b9 \u03bd\u03b1 \u03c7\u03c9\u03c1\u03ad\u03c3\u03b5\u03b9 \u03c3\u03b5 \u03ad\u03bd\u03b1 \u03c0\u03bf\u03c4\u03ae\u03c1\u03b9 \u03ba\u03c1\u03b1\u03c3\u03af \u03bf \u03c0\u03b1\u03c1\u03b1\u03b3\u03c9\u03b3\u03cc\u03c2 \u03c4\u03bf\u03c5 \u03ba\u03b1\u03b9 \u03c4\u03b9 \u03b1\u03bd\u03b1\u03b6\u03b7\u03c4\u03ac \u03ba\u03b1\u03b9 \u03b8\u03ad\u03bb\u03b5\u03b9 [&hellip;]<\/p>\n","protected":false},"author":3,"featured_media":0,"parent":0,"menu_order":0,"comment_status":"closed","ping_status":"closed","template":"","meta":{"_acf_changed":false,"footnotes":"","_links_to":"","_links_to_target":""},"class_list":["post-1505","page","type-page","status-publish","hentry"],"acf":[],"_links":{"self":[{"href":"https:\/\/www.zacharioudakis.com\/el\/wp-json\/wp\/v2\/pages\/1505","targetHints":{"allow":["GET"]}}],"collection":[{"href":"https:\/\/www.zacharioudakis.com\/el\/wp-json\/wp\/v2\/pages"}],"about":[{"href":"https:\/\/www.zacharioudakis.com\/el\/wp-json\/wp\/v2\/types\/page"}],"author":[{"embeddable":true,"href":"https:\/\/www.zacharioudakis.com\/el\/wp-json\/wp\/v2\/users\/3"}],"replies":[{"embeddable":true,"href":"https:\/\/www.zacharioudakis.com\/el\/wp-json\/wp\/v2\/comments?post=1505"}],"version-history":[{"count":22,"href":"https:\/\/www.zacharioudakis.com\/el\/wp-json\/wp\/v2\/pages\/1505\/revisions"}],"predecessor-version":[{"id":1574,"href":"https:\/\/www.zacharioudakis.com\/el\/wp-json\/wp\/v2\/pages\/1505\/revisions\/1574"}],"wp:attachment":[{"href":"https:\/\/www.zacharioudakis.com\/el\/wp-json\/wp\/v2\/media?parent=1505"}],"curies":[{"name":"wp","href":"https:\/\/api.w.org\/{rel}","templated":true}]}}